{"id":12,"date":"2024-09-12T10:59:17","date_gmt":"2024-09-12T10:59:17","guid":{"rendered":"https:\/\/prosperologie.prefi.tech\/?page_id=12"},"modified":"2024-09-12T13:45:36","modified_gmt":"2024-09-12T13:45:36","slug":"accueil","status":"publish","type":"page","link":"https:\/\/prosperologie.prefi.tech\/","title":{"rendered":"Bienvenue sur le site de Corpora"},"content":{"rendered":"\n\n\n\n<p><\/p>\n\n\n\n<div class=\"wp-block-group is-layout-constrained wp-block-group-is-layout-constrained\"><div class=\"wp-block-group__inner-container\">\n<p>Notre association soutient le d\u00e9veloppement de la version 3 du logiciel Prosp\u00e9ro et de sa communaut\u00e9. C&#8217;est une association Loi 1901, et qui est ouverte \u00e0 toutes et tous, pour de nouvelles collaborations !<\/p>\n<\/div><\/div>\n","protected":false},"excerpt":{"rendered":"<p>Notre association soutient le d\u00e9veloppement de la version 3 du logiciel Prosp\u00e9ro et de sa communaut\u00e9. C&#8217;est une association Loi 1901, et qui est ouverte \u00e0 toutes et tous, pour de nouvelles collaborations !<\/p>\n","protected":false},"author":2,"featured_media":0,"parent":0,"menu_order":0,"comment_status":"closed","ping_status":"closed","template":"","meta":{"_kad_post_transparent":"","_kad_post_title":"","_kad_post_layout":"","_kad_post_sidebar_id":"","_kad_post_content_style":"","_kad_post_vertical_padding":"","_kad_post_feature":"","_kad_post_feature_position":"","_kad_post_header":false,"_kad_post_footer":false,"footnotes":""},"_links":{"self":[{"href":"https:\/\/prosperologie.prefi.tech\/index.php\/wp-json\/wp\/v2\/pages\/12"}],"collection":[{"href":"https:\/\/prosperologie.prefi.tech\/index.php\/wp-json\/wp\/v2\/pages"}],"about":[{"href":"https:\/\/prosperologie.prefi.tech\/index.php\/wp-json\/wp\/v2\/types\/page"}],"author":[{"embeddable":true,"href":"https:\/\/prosperologie.prefi.tech\/index.php\/wp-json\/wp\/v2\/users\/2"}],"replies":[{"embeddable":true,"href":"https:\/\/prosperologie.prefi.tech\/index.php\/wp-json\/wp\/v2\/comments?post=12"}],"version-history":[{"count":11,"href":"https:\/\/prosperologie.prefi.tech\/index.php\/wp-json\/wp\/v2\/pages\/12\/revisions"}],"predecessor-version":[{"id":128,"href":"https:\/\/prosperologie.prefi.tech\/index.php\/wp-json\/wp\/v2\/pages\/12\/revisions\/128"}],"wp:attachment":[{"href":"https:\/\/prosperologie.prefi.tech\/index.php\/wp-json\/wp\/v2\/media?parent=12"}],"curies":[{"name":"wp","href":"https:\/\/api.w.org\/{rel}","templated":true}]}}