{"id":33,"date":"2024-09-12T11:28:13","date_gmt":"2024-09-12T11:28:13","guid":{"rendered":"https:\/\/prosperologie.prefi.tech\/?page_id=33"},"modified":"2024-12-30T14:21:36","modified_gmt":"2024-12-30T14:21:36","slug":"association-corpora","status":"publish","type":"page","link":"https:\/\/prosperologie.prefi.tech\/index.php\/association-corpora\/","title":{"rendered":"Association Corpora"},"content":{"rendered":"\n<p>Prosp\u00e9ro a initialement \u00e9t\u00e9 d\u00e9velopp\u00e9 par Jean-Pierre Charriau et <a href=\"https:\/\/www.ehess.fr\/fr\/personne\/francis-chateauraynaud\">Francis Chateauraynaud<\/a>, Professeur de sociologie \u00e0 l\u2019EHESS.<\/p>\n\n\n\n<p>L\u2019association Doxa, alors pr\u00e9sid\u00e9e par Francis Chateauraynaud, avait pour objet la maintenance du logiciel dont elle \u00e9tait propri\u00e9taire.<\/p>\n\n\n\n<p>L\u2019association Corpora (Loi 1901, association sans but lucratif) a pris la suite de Doxa en vue d\u2019assurer la maintenance \u00e9volutive du logiciel tout en \u00e9largissant sa communaut\u00e9 d\u2019utilisateurs qui ne seront plus uniquement des sociologues mais l\u2019ensemble des chercheurs en SHS (sciences de l\u2019information et de la communication, analystes du discours, linguistes etc.).<\/p>\n\n\n\n<p>Le logiciel a toujours \u00e9t\u00e9 d\u00e9velopp\u00e9 \u00e0 travers la structure d\u2019une association, ce qui lui a permis de perdurer au-del\u00e0 des changements de personnes ou d\u2019institutions.<\/p>\n\n\n\n<p>Corpora est actuellement pr\u00e9sid\u00e9e par Or\u00e9lie Desfriches Doria, Josquin Debaz en est secr\u00e9taire. J\u00e9r\u00f4me Gaillaguet est tr\u00e9sorier.<\/p>\n","protected":false},"excerpt":{"rendered":"<p>Prosp\u00e9ro a initialement \u00e9t\u00e9 d\u00e9velopp\u00e9 par Jean-Pierre Charriau et Francis Chateauraynaud, Professeur de sociologie \u00e0 l\u2019EHESS. L\u2019association Doxa, alors pr\u00e9sid\u00e9e par Francis Chateauraynaud, avait pour objet la maintenance du logiciel dont elle \u00e9tait propri\u00e9taire. L\u2019association Corpora (Loi 1901, association sans but lucratif) a pris la suite de Doxa en vue d\u2019assurer la maintenance \u00e9volutive du&#8230;<\/p>\n","protected":false},"author":2,"featured_media":0,"parent":0,"menu_order":0,"comment_status":"closed","ping_status":"closed","template":"","meta":{"_kad_post_transparent":"","_kad_post_title":"","_kad_post_layout":"","_kad_post_sidebar_id":"","_kad_post_content_style":"","_kad_post_vertical_padding":"","_kad_post_feature":"","_kad_post_feature_position":"","_kad_post_header":false,"_kad_post_footer":false,"footnotes":""},"_links":{"self":[{"href":"https:\/\/prosperologie.prefi.tech\/index.php\/wp-json\/wp\/v2\/pages\/33"}],"collection":[{"href":"https:\/\/prosperologie.prefi.tech\/index.php\/wp-json\/wp\/v2\/pages"}],"about":[{"href":"https:\/\/prosperologie.prefi.tech\/index.php\/wp-json\/wp\/v2\/types\/page"}],"author":[{"embeddable":true,"href":"https:\/\/prosperologie.prefi.tech\/index.php\/wp-json\/wp\/v2\/users\/2"}],"replies":[{"embeddable":true,"href":"https:\/\/prosperologie.prefi.tech\/index.php\/wp-json\/wp\/v2\/comments?post=33"}],"version-history":[{"count":2,"href":"https:\/\/prosperologie.prefi.tech\/index.php\/wp-json\/wp\/v2\/pages\/33\/revisions"}],"predecessor-version":[{"id":147,"href":"https:\/\/prosperologie.prefi.tech\/index.php\/wp-json\/wp\/v2\/pages\/33\/revisions\/147"}],"wp:attachment":[{"href":"https:\/\/prosperologie.prefi.tech\/index.php\/wp-json\/wp\/v2\/media?parent=33"}],"curies":[{"name":"wp","href":"https:\/\/api.w.org\/{rel}","templated":true}]}}