{"id":40,"date":"2024-09-12T11:30:08","date_gmt":"2024-09-12T11:30:08","guid":{"rendered":"https:\/\/prosperologie.prefi.tech\/?page_id=40"},"modified":"2024-12-30T14:14:40","modified_gmt":"2024-12-30T14:14:40","slug":"usages-historiques-de-prospero","status":"publish","type":"page","link":"https:\/\/prosperologie.prefi.tech\/index.php\/usages-historiques-de-prospero\/","title":{"rendered":"Usages historiques de Prosp\u00e9ro"},"content":{"rendered":"\n<div class=\"wp-block-group alignwide is-layout-constrained wp-block-group-is-layout-constrained\"><div class=\"wp-block-group__inner-container\">\n<div class=\"wp-block-group alignwide is-layout-constrained wp-block-group-is-layout-constrained\"><div class=\"wp-block-group__inner-container\">\n<p>Le logiciel Prosp\u00e9ro autorise des analyses qualitatives approfondies, au-del\u00e0 de la seule comptabilisation de termes conduisant \u00e0 des classifications th\u00e9matiques des corpus. Il fonctionne \u00e0 partir de dictionnaires<a id=\"_ftnref1\" href=\"#_ftn1\">[1]<\/a>, constitu\u00e9s de mani\u00e8re incr\u00e9mentale par les chercheurs qui l\u2019utilisent. Ces dictionnaires contiennent notamment des listes d&#8217;expressions st\u00e9r\u00e9otyp\u00e9es qui traitent,par exemple, les reprises anaphoriques dans les discours. Une telle dimension s\u2019av\u00e8re tr\u00e8s difficile \u00e0 traiter avec les logiciels habituellement utilis\u00e9s en analyse du discours, lesquels produisent des comptages sans v\u00e9ritablement prendre en compte ces expressions sp\u00e9cifiques dans les corpus.<\/p>\n\n\n\n<p>Au-del\u00e0 de cet exemple, ces dictionnaires, propres \u00e0 Prosp\u00e9ro peuvent \u00eatre \u00e9dit\u00e9s par le chercheur et permettent de qualifier les discours, en les rapportant \u00e0 des registres argumentatifs (par exemple, registre de la d\u00e9nonciation, de l&#8217;accusation, du lanceur d&#8217;alerte, du d\u00e9voilement, de la r\u00e9sistance, de la preuve scientifique, de la d\u00e9fense, etc.). Ces types d&#8217;analyses s&#8217;appliquent aussi \u00e0 des marqueurs sp\u00e9cifiques (adverbes de renforcement, ou indicateurs de temporalit\u00e9 par exemple) qui r\u00e9v\u00e8lent des dimensions sp\u00e9cifiques des \u00e9l\u00e9ments pr\u00e9sents dans les corpus.<a href=\"#_ftn2\" id=\"_ftnref2\">[2]<\/a><\/p>\n\n\n\n<p>C&#8217;est donc une analyse fine et proche des discours des acteurs en contexte qui ne repose pas sur des cat\u00e9gories grammaticales classiques, mais sur des regroupements qui sont \u00e9labor\u00e9s par le chercheur au fil de son exploration, et de l&#8217;augmentation progressive de sa connaissance du corpus.<\/p>\n\n\n\n<p>L&#8217;acc\u00e8s aux fragments de textes est toujours accompagn\u00e9 de la possibilit\u00e9 de revenir au texte entier, ainsi qu&#8217;au sous-corpus\/corpus. <\/p>\n<\/div><\/div>\n\n\n\n<p>Il est \u00e9galement possible de d\u00e9couper les corpus en sous-corpus afin de travailler sur des rapprochements et sur des d\u00e9coupages th\u00e9matiques ou chronologiques, qui traduisent des hypoth\u00e8ses, que l&#8217;on met ensuite \u00e0 l&#8217;\u00e9preuve avec les outils de Prosp\u00e9ro.<\/p>\n<\/div><\/div>\n\n\n\n<hr class=\"wp-block-separator has-alpha-channel-opacity\"\/>\n\n\n\n<p><a href=\"#_ftnref1\" id=\"_ftn1\">[1]<\/a> Trabal, P. (2004). Francis Chateauraynaud, Prosp\u00e9ro. Une technologie litt\u00e9raire pour les sciences humaines. Paris, CNRS \u00c9d., coll. CNRS Communication, 2003, 403 p. <em>Questions de communication<\/em>, (5).<\/p>\n\n\n\n<p><a href=\"#_ftnref2\" id=\"_ftn2\">[2]<\/a> Pour un aper\u00e7u, on peut consulter cet article qui r\u00e9sume un travail d\u2019analyse men\u00e9, pour le Joint Research Centre, \u00e0 la Commission Europ\u00e9enne&nbsp;: Luneau, A. (2023) . Le d\u00e9clin des pollinisateurs et son complexe de r\u00e9gimes discursifs dans la presse belge francophone. Quaderni, n\u00b0 109(2), 73-92. <a href=\"https:\/\/shs-cairn-info.accesdistant.bu.univ-paris8.fr\/revue-quaderni-2023-2-page-73?lang=fr\">https:\/\/shs-cairn-info.accesdistant.bu.univ-paris8.fr\/revue-quaderni-2023-2-page-73?lang=fr<\/a>.<\/p>\n","protected":false},"excerpt":{"rendered":"<p>Le logiciel Prosp\u00e9ro autorise des analyses qualitatives approfondies, au-del\u00e0 de la seule comptabilisation de termes conduisant \u00e0 des classifications th\u00e9matiques des corpus. Il fonctionne \u00e0 partir de dictionnaires[1], constitu\u00e9s de mani\u00e8re incr\u00e9mentale par les chercheurs qui l\u2019utilisent. Ces dictionnaires contiennent notamment des listes d&#8217;expressions st\u00e9r\u00e9otyp\u00e9es qui traitent,par exemple, les reprises anaphoriques dans les discours. Une&#8230;<\/p>\n","protected":false},"author":2,"featured_media":0,"parent":0,"menu_order":0,"comment_status":"closed","ping_status":"closed","template":"","meta":{"_kad_post_transparent":"","_kad_post_title":"","_kad_post_layout":"","_kad_post_sidebar_id":"","_kad_post_content_style":"","_kad_post_vertical_padding":"","_kad_post_feature":"","_kad_post_feature_position":"","_kad_post_header":false,"_kad_post_footer":false,"footnotes":""},"_links":{"self":[{"href":"https:\/\/prosperologie.prefi.tech\/index.php\/wp-json\/wp\/v2\/pages\/40"}],"collection":[{"href":"https:\/\/prosperologie.prefi.tech\/index.php\/wp-json\/wp\/v2\/pages"}],"about":[{"href":"https:\/\/prosperologie.prefi.tech\/index.php\/wp-json\/wp\/v2\/types\/page"}],"author":[{"embeddable":true,"href":"https:\/\/prosperologie.prefi.tech\/index.php\/wp-json\/wp\/v2\/users\/2"}],"replies":[{"embeddable":true,"href":"https:\/\/prosperologie.prefi.tech\/index.php\/wp-json\/wp\/v2\/comments?post=40"}],"version-history":[{"count":5,"href":"https:\/\/prosperologie.prefi.tech\/index.php\/wp-json\/wp\/v2\/pages\/40\/revisions"}],"predecessor-version":[{"id":141,"href":"https:\/\/prosperologie.prefi.tech\/index.php\/wp-json\/wp\/v2\/pages\/40\/revisions\/141"}],"wp:attachment":[{"href":"https:\/\/prosperologie.prefi.tech\/index.php\/wp-json\/wp\/v2\/media?parent=40"}],"curies":[{"name":"wp","href":"https:\/\/api.w.org\/{rel}","templated":true}]}}