{"id":55,"date":"2024-09-12T12:13:37","date_gmt":"2024-09-12T12:13:37","guid":{"rendered":"https:\/\/prosperologie.prefi.tech\/?page_id=55"},"modified":"2024-12-30T14:09:38","modified_gmt":"2024-12-30T14:09:38","slug":"projets-actuels","status":"publish","type":"page","link":"https:\/\/prosperologie.prefi.tech\/index.php\/projets-actuels\/","title":{"rendered":"Projets actuels"},"content":{"rendered":"\n<h2 class=\"wp-block-heading has-medium-font-size\">Projet ANR AMULEX<\/h2>\n\n\n\n<div class=\"wp-block-group is-layout-constrained wp-block-group-is-layout-constrained\"><div class=\"wp-block-group__inner-container\">\n<p>Le projet ANR Amulex  (Analyse Multi-Plateforme de l\u2019Expression Politique en ligne), port\u00e9 par St\u00e9phanie Wojcik (CEDITEC, UPEC), analyse les formes argumentatives de l\u2019expression politique num\u00e9rique en combinant m\u00e9thodes quantitatives et qualitatives. Ceci, sans les d\u00e9tacher du contexte sociopolitique dans lequel \u00e9voluent les individus, en ligne et hors ligne, et en prenant en consid\u00e9ration l\u2019architecture des plateformes. Il s\u2019agit ainsi de saisir la critique du politique dans les commentaires produits dans divers espaces num\u00e9riques (Twitter, Youtube, Instagram, Twitch) et suscit\u00e9s par des interviews de candidat.es durant la campagne pr\u00e9sidentielle fran\u00e7aise de 2022, tout en resituant l\u2019expression num\u00e9rique des internautes dans l\u2019ensemble de leurs trajectoires et pratiques politiques et sociales.<\/p>\n\n\n\n<p>Le projet est structur\u00e9 en deux axes&nbsp;: l\u2019axe 1 consiste en l\u2019analyse quantitative et qualitative des commentaires produits sur les quatre plateformes, l\u2019axe 2 vise une sociographie des commentateurs.<\/p>\n\n\n\n<p>L\u2019analyse pr\u00e9vue dans l\u2019axe 1, port\u00e9 par le <a href=\"https:\/\/paragraphe.univ-paris8.fr\/\">Laboratoire Paragraphe<\/a> de l&#8217;<a href=\"https:\/\/www.univ-paris8.fr\/\">Universit\u00e9 Paris 8<\/a>, concerne plus de 3 millions de commentaires (incluant textes, signes paratextuels, images fixes ou anim\u00e9es, et liens hypertextes), recueillis entre janvier et mai 2022, sur des comptes Instagram, Twitch, Twitter et YouTube de candidat.es et de m\u00e9dias (t\u00e9l\u00e9vision, radio, <em>pure players<\/em>).<\/p>\n\n\n\n<p>Pour ces analyses, l\u2019usage articul\u00e9 de deux outils computationnels, Prosp\u00e9ro et Gargantext permet une circulation heuristique entre des analyses micro et macroscopiques de tout ou partie des donn\u00e9es recueillies.<\/p>\n<\/div><\/div>\n","protected":false},"excerpt":{"rendered":"<p>Projet ANR AMULEX Le projet ANR Amulex (Analyse Multi-Plateforme de l\u2019Expression Politique en ligne), port\u00e9 par St\u00e9phanie Wojcik (CEDITEC, UPEC), analyse les formes argumentatives de l\u2019expression politique num\u00e9rique en combinant m\u00e9thodes quantitatives et qualitatives. Ceci, sans les d\u00e9tacher du contexte sociopolitique dans lequel \u00e9voluent les individus, en ligne et hors ligne, et en prenant en&#8230;<\/p>\n","protected":false},"author":2,"featured_media":0,"parent":0,"menu_order":0,"comment_status":"closed","ping_status":"closed","template":"","meta":{"_kad_post_transparent":"","_kad_post_title":"","_kad_post_layout":"","_kad_post_sidebar_id":"","_kad_post_content_style":"","_kad_post_vertical_padding":"","_kad_post_feature":"","_kad_post_feature_position":"","_kad_post_header":false,"_kad_post_footer":false,"footnotes":""},"_links":{"self":[{"href":"https:\/\/prosperologie.prefi.tech\/index.php\/wp-json\/wp\/v2\/pages\/55"}],"collection":[{"href":"https:\/\/prosperologie.prefi.tech\/index.php\/wp-json\/wp\/v2\/pages"}],"about":[{"href":"https:\/\/prosperologie.prefi.tech\/index.php\/wp-json\/wp\/v2\/types\/page"}],"author":[{"embeddable":true,"href":"https:\/\/prosperologie.prefi.tech\/index.php\/wp-json\/wp\/v2\/users\/2"}],"replies":[{"embeddable":true,"href":"https:\/\/prosperologie.prefi.tech\/index.php\/wp-json\/wp\/v2\/comments?post=55"}],"version-history":[{"count":4,"href":"https:\/\/prosperologie.prefi.tech\/index.php\/wp-json\/wp\/v2\/pages\/55\/revisions"}],"predecessor-version":[{"id":137,"href":"https:\/\/prosperologie.prefi.tech\/index.php\/wp-json\/wp\/v2\/pages\/55\/revisions\/137"}],"wp:attachment":[{"href":"https:\/\/prosperologie.prefi.tech\/index.php\/wp-json\/wp\/v2\/media?parent=55"}],"curies":[{"name":"wp","href":"https:\/\/api.w.org\/{rel}","templated":true}]}}