{"id":57,"date":"2024-09-12T12:13:55","date_gmt":"2024-09-12T12:13:55","guid":{"rendered":"https:\/\/prosperologie.prefi.tech\/?page_id=57"},"modified":"2024-12-30T14:20:36","modified_gmt":"2024-12-30T14:20:36","slug":"vers-une-nouvelle-version","status":"publish","type":"page","link":"https:\/\/prosperologie.prefi.tech\/index.php\/vers-une-nouvelle-version\/","title":{"rendered":"Vers Prosp\u00e9ro 3"},"content":{"rendered":"\n<p>Le logiciel cr\u00e9\u00e9 il y a une trentaine d\u2019ann\u00e9es est fonctionnel, bien que les efforts pour s\u2019en emparer sont cons\u00e9quents pour le moment, notamment parce que le logiciel n\u00e9cessite une installation en local, qui n\u2019est pas triviale. <\/p>\n\n\n\n<p>Pour pouvoir traiter plus ais\u00e9ment des corpus actuels comme ceux <a href=\"https:\/\/prosperologie.prefi.tech\/index.php\/projets-actuels\/\">d\u2019Amulex<\/a>, des d\u00e9veloppements sont n\u00e9cessaires, et permettre ainsi \u00e0 des chercheurs peu accultur\u00e9s \u00e0 l\u2019informatique de s\u2019en emparer. <\/p>\n\n\n\n<p>La version \u00e0 venir du logiciel fonctionnera en SAAS (Software As A Service), il suffira donc aux utilisateurs d\u2019acc\u00e9der via un navigateur et de cr\u00e9er un compte sur la plateforme en ligne de Prosp\u00e9ro pour l&#8217;utiliser.<\/p>\n\n\n\n<p>La refonte de Prosp\u00e9ro ne consiste pas en une traduction basique du logiciel, c\u2019est une transformation, pour d\u2019une part le rendre op\u00e9rationnel sur des corpus particuli\u00e8rement d\u2019actualit\u00e9 (r\u00e9seaux sociaux notamment), sans perdre la possibilit\u00e9 de traiter des corpus plus traditionnels comme des textes m\u00e9diatiques et des entretiens retranscrits.<\/p>\n\n\n\n<p>Cette refonte est pens\u00e9e de mani\u00e8re modulaire, et certains modules ont d\u00e9j\u00e0 \u00e9t\u00e9 r\u00e9alis\u00e9s. D\u2019autres d\u00e9veloppements futurs seront \u00e0 mener pour compl\u00e9ter les d\u00e9veloppements de fonctionnalit\u00e9s d\u2019analyse en cours.<\/p>\n\n\n\n<p>La nouvelle version du logiciel est en licence GPL. <\/p>\n","protected":false},"excerpt":{"rendered":"<p>Le logiciel cr\u00e9\u00e9 il y a une trentaine d\u2019ann\u00e9es est fonctionnel, bien que les efforts pour s\u2019en emparer sont cons\u00e9quents pour le moment, notamment parce que le logiciel n\u00e9cessite une installation en local, qui n\u2019est pas triviale. Pour pouvoir traiter plus ais\u00e9ment des corpus actuels comme ceux d\u2019Amulex, des d\u00e9veloppements sont n\u00e9cessaires, et permettre ainsi&#8230;<\/p>\n","protected":false},"author":2,"featured_media":0,"parent":0,"menu_order":0,"comment_status":"closed","ping_status":"closed","template":"","meta":{"_kad_post_transparent":"","_kad_post_title":"","_kad_post_layout":"","_kad_post_sidebar_id":"","_kad_post_content_style":"","_kad_post_vertical_padding":"","_kad_post_feature":"","_kad_post_feature_position":"","_kad_post_header":false,"_kad_post_footer":false,"footnotes":""},"_links":{"self":[{"href":"https:\/\/prosperologie.prefi.tech\/index.php\/wp-json\/wp\/v2\/pages\/57"}],"collection":[{"href":"https:\/\/prosperologie.prefi.tech\/index.php\/wp-json\/wp\/v2\/pages"}],"about":[{"href":"https:\/\/prosperologie.prefi.tech\/index.php\/wp-json\/wp\/v2\/types\/page"}],"author":[{"embeddable":true,"href":"https:\/\/prosperologie.prefi.tech\/index.php\/wp-json\/wp\/v2\/users\/2"}],"replies":[{"embeddable":true,"href":"https:\/\/prosperologie.prefi.tech\/index.php\/wp-json\/wp\/v2\/comments?post=57"}],"version-history":[{"count":4,"href":"https:\/\/prosperologie.prefi.tech\/index.php\/wp-json\/wp\/v2\/pages\/57\/revisions"}],"predecessor-version":[{"id":145,"href":"https:\/\/prosperologie.prefi.tech\/index.php\/wp-json\/wp\/v2\/pages\/57\/revisions\/145"}],"wp:attachment":[{"href":"https:\/\/prosperologie.prefi.tech\/index.php\/wp-json\/wp\/v2\/media?parent=57"}],"curies":[{"name":"wp","href":"https:\/\/api.w.org\/{rel}","templated":true}]}}