{"id":59,"date":"2024-09-12T12:14:15","date_gmt":"2024-09-12T12:14:15","guid":{"rendered":"https:\/\/prosperologie.prefi.tech\/?page_id=59"},"modified":"2024-12-30T14:01:22","modified_gmt":"2024-12-30T14:01:22","slug":"logiciels-et-communautes","status":"publish","type":"page","link":"https:\/\/prosperologie.prefi.tech\/index.php\/logiciels-et-communautes\/","title":{"rendered":"Amis et Communaut\u00e9s"},"content":{"rendered":"\n<p>La plupart des membres de Corpora sont des chercheurs titulaires, doctorants, masterants, mais aussi des m\u00e9decins, et des chercheurs \u00e9trangers (il existe des versions de Prosp\u00e9ro dans diff\u00e9rentes langues dont l\u2019anglais et le portugais notamment) avec une communaut\u00e9 assez \u00e9tendue de chercheurs br\u00e9siliens.<\/p>\n\n\n\n<p>Les membres de l&#8217;association Corpora entretiennent des discussions r\u00e9guli\u00e8res avec les cr\u00e9ateurs du logiciel <a href=\"https:\/\/gargantext.org\/fr\/\">Gargantext<\/a>, dans le but de pouvoir rendre ces deux logiciels compl\u00e9mentaires. Nous travaillons conjointement pour faciliter un passage fluide vers l&#8217;autre logiciel. <\/p>\n\n\n\n<p>Dans le cadre du projet <a href=\"https:\/\/prosperologie.prefi.tech\/index.php\/projets-actuels\/\">ANR Amulex (<\/a>dirig\u00e9 par <a href=\"https:\/\/ceditec.u-pec.fr\/membres\/membres-titulaires\/wojcik-stephanie\">S. Wojcik, Ceditec, UPEC)<\/a> notamment, le choix a \u00e9t\u00e9 fait de travailler avec Prosp\u00e9ro en binome avec Gargantext. Celui-ci permet une approche macroscopique des corpus, et Prosp\u00e9ro permettra de v\u00e9rifier si des ph\u00e9nom\u00e8nes qui apparaissent sur une large \u00e9chelle se v\u00e9rifient \u00e0 des \u00e9chelles de corpus plus restreints. Inversement l\u2019analyse avec Prosp\u00e9ro \u00e0 des \u00e9chelles plus meso et micro, aboutira \u00e0 des hypoth\u00e8ses que nous mettrons \u00e0 l\u2019\u00e9preuve avec Gargantext.<\/p>\n\n\n\n<p><\/p>\n","protected":false},"excerpt":{"rendered":"<p>La plupart des membres de Corpora sont des chercheurs titulaires, doctorants, masterants, mais aussi des m\u00e9decins, et des chercheurs \u00e9trangers (il existe des versions de Prosp\u00e9ro dans diff\u00e9rentes langues dont l\u2019anglais et le portugais notamment) avec une communaut\u00e9 assez \u00e9tendue de chercheurs br\u00e9siliens. Les membres de l&#8217;association Corpora entretiennent des discussions r\u00e9guli\u00e8res avec les cr\u00e9ateurs&#8230;<\/p>\n","protected":false},"author":2,"featured_media":0,"parent":0,"menu_order":0,"comment_status":"closed","ping_status":"closed","template":"","meta":{"_kad_post_transparent":"","_kad_post_title":"","_kad_post_layout":"","_kad_post_sidebar_id":"","_kad_post_content_style":"","_kad_post_vertical_padding":"","_kad_post_feature":"","_kad_post_feature_position":"","_kad_post_header":false,"_kad_post_footer":false,"footnotes":""},"_links":{"self":[{"href":"https:\/\/prosperologie.prefi.tech\/index.php\/wp-json\/wp\/v2\/pages\/59"}],"collection":[{"href":"https:\/\/prosperologie.prefi.tech\/index.php\/wp-json\/wp\/v2\/pages"}],"about":[{"href":"https:\/\/prosperologie.prefi.tech\/index.php\/wp-json\/wp\/v2\/types\/page"}],"author":[{"embeddable":true,"href":"https:\/\/prosperologie.prefi.tech\/index.php\/wp-json\/wp\/v2\/users\/2"}],"replies":[{"embeddable":true,"href":"https:\/\/prosperologie.prefi.tech\/index.php\/wp-json\/wp\/v2\/comments?post=59"}],"version-history":[{"count":5,"href":"https:\/\/prosperologie.prefi.tech\/index.php\/wp-json\/wp\/v2\/pages\/59\/revisions"}],"predecessor-version":[{"id":135,"href":"https:\/\/prosperologie.prefi.tech\/index.php\/wp-json\/wp\/v2\/pages\/59\/revisions\/135"}],"wp:attachment":[{"href":"https:\/\/prosperologie.prefi.tech\/index.php\/wp-json\/wp\/v2\/media?parent=59"}],"curies":[{"name":"wp","href":"https:\/\/api.w.org\/{rel}","templated":true}]}}