{"id":99,"date":"2024-09-12T13:20:05","date_gmt":"2024-09-12T13:20:05","guid":{"rendered":"https:\/\/prosperologie.prefi.tech\/?page_id=99"},"modified":"2024-12-30T14:22:46","modified_gmt":"2024-12-30T14:22:46","slug":"rejoindre-corpora","status":"publish","type":"page","link":"https:\/\/prosperologie.prefi.tech\/index.php\/rejoindre-corpora\/","title":{"rendered":"Rejoindre Corpora"},"content":{"rendered":"\n<p>Notre association soutient le d\u00e9veloppement de la version 3 du logiciel Prosp\u00e9ro et de sa communaut\u00e9. <\/p>\n\n\n\n<p>C\u2019est une association Loi 1901, et qui est ouverte \u00e0 toutes et tous, pour de nouvelles collaborations.<\/p>\n","protected":false},"excerpt":{"rendered":"<p>Notre association soutient le d\u00e9veloppement de la version 3 du logiciel Prosp\u00e9ro et de sa communaut\u00e9. C\u2019est une association Loi 1901, et qui est ouverte \u00e0 toutes et tous, pour de nouvelles collaborations.<\/p>\n","protected":false},"author":2,"featured_media":0,"parent":0,"menu_order":0,"comment_status":"closed","ping_status":"closed","template":"","meta":{"_kad_post_transparent":"","_kad_post_title":"","_kad_post_layout":"","_kad_post_sidebar_id":"","_kad_post_content_style":"","_kad_post_vertical_padding":"","_kad_post_feature":"","_kad_post_feature_position":"","_kad_post_header":false,"_kad_post_footer":false,"footnotes":""},"_links":{"self":[{"href":"https:\/\/prosperologie.prefi.tech\/index.php\/wp-json\/wp\/v2\/pages\/99"}],"collection":[{"href":"https:\/\/prosperologie.prefi.tech\/index.php\/wp-json\/wp\/v2\/pages"}],"about":[{"href":"https:\/\/prosperologie.prefi.tech\/index.php\/wp-json\/wp\/v2\/types\/page"}],"author":[{"embeddable":true,"href":"https:\/\/prosperologie.prefi.tech\/index.php\/wp-json\/wp\/v2\/users\/2"}],"replies":[{"embeddable":true,"href":"https:\/\/prosperologie.prefi.tech\/index.php\/wp-json\/wp\/v2\/comments?post=99"}],"version-history":[{"count":2,"href":"https:\/\/prosperologie.prefi.tech\/index.php\/wp-json\/wp\/v2\/pages\/99\/revisions"}],"predecessor-version":[{"id":148,"href":"https:\/\/prosperologie.prefi.tech\/index.php\/wp-json\/wp\/v2\/pages\/99\/revisions\/148"}],"wp:attachment":[{"href":"https:\/\/prosperologie.prefi.tech\/index.php\/wp-json\/wp\/v2\/media?parent=99"}],"curies":[{"name":"wp","href":"https:\/\/api.w.org\/{rel}","templated":true}]}}